{"id":772,"date":"2024-03-19T16:40:24","date_gmt":"2024-03-19T15:40:24","guid":{"rendered":"https:\/\/ancoracattolica.com\/?page_id=772"},"modified":"2024-04-08T15:28:21","modified_gmt":"2024-04-08T13:28:21","slug":"privacy","status":"publish","type":"page","link":"https:\/\/ancoracattolica.com\/en\/privacy\/","title":{"rendered":"Privacy Policy"},"content":{"rendered":"<p>Privacy<br \/>\nIn questa pagina si descrivono le modalit\u00e0 di gestione del sito in riferimento al trattamento dei dati personali degli utenti che lo consultano. Si tratta di un&#8217;informativa che \u00e8 resa anche ai sensi ai sensi della normativa vigente in materia di protezione dei dati personali (Regolamento UE n. 679 del 2016), a coloro che consultano le pagine del sito internet https:\/\/www.\u200bancoracattolica.it\/ (di seguito: \u201csito\u201d) o che usufruiscono dei servizi sullo stesso messi a disposizione.<br \/>\nL&#8217;informativa \u00e8 resa esclusivamente per il sito https:\/\/www.\u200bancoracattolica.it\/. E non anche per gli altri siti web eventualmente consultati dall&#8217;utente tramite i link presenti all&#8217;interno del sito.<br \/>\nTitolare del trattamento Titolare del trattamento \u00e8 Hotel Ancora Cattolica, con sede in Via Fiume, 13 47841 Cattolica (RN) &#8211; Riviera Adriatica, Italia<\/p>\n<p>Tipi di dati trattati<\/p>\n<p>dati di navigazione<br \/>\nI sistemi informatici e le procedure software preposte al funzionamento di questo sito web acquisiscono, nel corso del loro normale esercizio, alcuni dati personali la cui trasmissione \u00e8 implicita nell&#8217;uso dei protocolli di comunicazione di Internet.<br \/>\nSi tratta di informazioni che non sono raccolte per essere associate a interessati identificati, ma che per loro stessa natura potrebbero, attraverso elaborazioni ed associazioni con dati detenuti da terzi, permettere di identificare gli utenti.<br \/>\nIn questa categoria di dati rientrano gli indirizzi IP o i nomi a dominio dei computer utilizzati dagli utenti che si connettono al sito, gli indirizzi in notazione URI (Uniform Resource Identifier) delle risorse richieste, l&#8217;orario della richiesta, il metodo utilizzato nel sottoporre la richiesta al server, la dimensione del file ottenuto in risposta, il codice numerico indicante lo stato della risposta data dal server (buon fine, errore, ecc.) ed altri parametri relativi al sistema operativo e all&#8217;ambiente informatico dell&#8217;utente.<br \/>\nQuesti dati vengono utilizzati al solo fine di ricavare informazioni statistiche anonime sull&#8217;uso del sito e per controllarne il corretto funzionamento e vengono cancellati immediatamente dopo l&#8217;elaborazione. I dati potrebbero essere utilizzati per l&#8217;accertamento di responsabilit\u00e0 in caso di ipotetici reati informatici ai danni del sito: salva questa eventualit\u00e0, allo stato i dati sui contatti web non persistono per pi\u00f9 di 1 anno.<br \/>\nDati forniti volontariamente dall&#8217;utenteLa registrazione dei dati personali, anche sensibili, sulla apposita pagina del sito, finalizzata a richiedere servizi, l&#8217;accesso alle aree riservate del Sito, l&#8217;invio della newsletter, nonch\u00e9 l&#8217;invio facoltativo, esplicito e volontario di posta elettronica agli indirizzi indicati su questo sito, comporta la successiva acquisizione dell&#8217;indirizzo del mittente, necessario per rispondere alle richieste, nonch\u00e9 degli eventuali altri dati personali inseriti.<br \/>\nSpecifiche informative di sintesi verranno progressivamente riportate o visualizzate nelle pagine del sito predisposte per particolari servizi a richiesta.<\/p>\n<p>Cookie<br \/>\nNessun dato personale degli utenti viene in proposito acquisito dal sito.Non viene fatto uso di cookie per la trasmissione di informazioni di carattere personale, n\u00e9 vengono utilizzati c.d. cookie persistenti di alcun tipo, ovvero sistemi per il tracciamento degli utenti. L&#8217;uso di c.d. cookie di sessione (che non vengono memorizzati in modo persistente sul computer dell&#8217;utente e svaniscono con la chiusura del browser) \u00e8 strettamente limitato alla trasmissione di identificativi di sessione (costituiti da numeri casuali generati dal server) necessari per consentire l&#8217;esplorazione sicura ed efficiente del sito. I c.d. cookie di sessione utilizzati in questo sito evitano il ricorso ad altre tecniche informatiche potenzialmente pregiudizievoli per la riservatezza della navigazione degli utenti e non consentono l&#8217;acquisizione di dati personali identificativi dell&#8217;utente.<\/p>\n<p>Facoltativit\u00e0 del conferimento dei dati<br \/>\nA parte quanto specificato per i dati di navigazione, l&#8217;utente \u00e8 libero di fornire i dati personali riportati nei moduli di richiesta di servizi, o comunque indicati in contatti con i nostri uffici per sollecitare l&#8217;invio della newsletter, di materiale informativo o di altre comunicazioni. Il loro mancato conferimento pu\u00f2 comportare l&#8217;impossibilit\u00e0 di ottenere quanto richiesto.<\/p>\n<p>Modalit\u00e0 del trattamento<br \/>\nI dati personali sono trattati con strumenti automatizzati e manuali per il tempo strettamente necessario a conseguire gli scopi per cui sono stati raccolti. Specifiche misure di sicurezza sono osservate per prevenire la perdita dei dati, usi illeciti o non corretti ed accessi non autorizzati.<\/p>\n<p>Diritti degli interessati<br \/>\nI soggetti cui si riferiscono i dati personali hanno il diritto in qualunque momento di ottenere la conferma dell&#8217;esistenza o meno dei medesimi dati e di conoscerne il contenuto e l&#8217;origine, verificarne l&#8217;esattezza o chiederne l&#8217;integrazione o l&#8217;aggiornamento, oppure la rettificazione (articolo 7 del Codice in materia di protezione dei dati personali).<br \/>\nAi sensi del medesimo articolo si ha il diritto di chiedere la cancellazione, la trasformazione in forma anonima o il blocco dei dati trattati in violazione di legge, nonch\u00e9 di opporsi in ogni caso, per motivi legittimi, al loro trattamento.<\/p>\n<p>Le richieste vanno rivolte: Hotel Ancora Cattolica &#8211; via Via Fiume, 13 47841 Cattolica (RN) &#8211; Riviera Adriatica, Italia e-mail, all&#8217;indirizzo: info@\u200bancoracattolica.it<\/p>\n<p>Visita il nostro sito<\/p>\n","protected":false},"excerpt":{"rendered":"<p>Privacy In questa pagina si descrivono le modalit\u00e0 di gestione del sito in riferimento al trattamento dei dati personali degli utenti che lo consultano. Si tratta di un&#8217;informativa che \u00e8 resa anche ai sensi ai sensi della normativa vigente in materia di protezione dei dati personali (Regolamento UE n. 679 del 2016), a coloro che &hellip; <a href=\"https:\/\/ancoracattolica.com\/en\/privacy\/\" class=\"more-link\">Continue reading<span class=\"screen-reader-text\"> &#8220;Privacy Policy&#8221;<\/span><\/a><\/p>\n","protected":false},"author":1,"featured_media":0,"parent":0,"menu_order":0,"comment_status":"closed","ping_status":"closed","template":"","meta":{"footnotes":""},"class_list":["post-772","page","type-page","status-publish","hentry"],"aioseo_notices":[],"_links":{"self":[{"href":"https:\/\/ancoracattolica.com\/en\/wp-json\/wp\/v2\/pages\/772","targetHints":{"allow":["GET"]}}],"collection":[{"href":"https:\/\/ancoracattolica.com\/en\/wp-json\/wp\/v2\/pages"}],"about":[{"href":"https:\/\/ancoracattolica.com\/en\/wp-json\/wp\/v2\/types\/page"}],"author":[{"embeddable":true,"href":"https:\/\/ancoracattolica.com\/en\/wp-json\/wp\/v2\/users\/1"}],"replies":[{"embeddable":true,"href":"https:\/\/ancoracattolica.com\/en\/wp-json\/wp\/v2\/comments?post=772"}],"version-history":[{"count":1,"href":"https:\/\/ancoracattolica.com\/en\/wp-json\/wp\/v2\/pages\/772\/revisions"}],"predecessor-version":[{"id":773,"href":"https:\/\/ancoracattolica.com\/en\/wp-json\/wp\/v2\/pages\/772\/revisions\/773"}],"wp:attachment":[{"href":"https:\/\/ancoracattolica.com\/en\/wp-json\/wp\/v2\/media?parent=772"}],"curies":[{"name":"wp","href":"https:\/\/api.w.org\/{rel}","templated":true}]}}